{"id":52667,"date":"2025-12-15T00:17:26","date_gmt":"2025-12-15T00:17:26","guid":{"rendered":"https:\/\/homzmix.com\/product\/%d9%86%d8%ac%d9%81%d8%a9-85x35x60x35-%d8%b3%d9%85-%d8%b0%d9%87%d8%a8%d9%89-3\/"},"modified":"2025-12-15T00:17:26","modified_gmt":"2025-12-15T00:17:26","slug":"%d9%86%d8%ac%d9%81%d8%a9-85x35x60x35-%d8%b3%d9%85-%d8%b0%d9%87%d8%a8%d9%89-3","status":"publish","type":"product","link":"https:\/\/homzmix.com\/en\/product\/%d9%86%d8%ac%d9%81%d8%a9-85x35x60x35-%d8%b3%d9%85-%d8%b0%d9%87%d8%a8%d9%89-3\/","title":{"rendered":"\u0646\u062c\u0641\u0629 85\u00d735\u00d760\u00d735 \u0633\u0645 &#8211; \u0630\u0647\u0628\u0649"},"content":{"rendered":"<ul>\n<li>\u0627\u0644\u0644\u0648\u0646: \u0630\u0647\u0628\u0649<\/li>\n<li>\u0627\u0644\u062e\u0627\u0645\u0629: \u0633\u062a\u0627\u0646\u0644\u0633<\/li>\n<li>\u0627\u0644\u0637\u0648\u0644 (\u0633\u0645): 85<\/li>\n<li>\u0627\u0644\u0639\u0645\u0642 (\u0633\u0645): 35<\/li>\n<li>\u0627\u0644\u0627\u0631\u062a\u0641\u0627\u0639 (\u0633\u0645): 60<\/li>\n<li>\u0627\u0644\u0639\u0631\u0636 (\u0633\u0645): 35<\/li>\n<li>\u0646\u0648\u0639 \u0627\u0644\u0625\u0636\u0627\u0621\u0629: LED<\/li>\n<li>\u0646\u0648\u0639 \u0627\u0644\u0637\u0644\u0627\u0621: \u0625\u0644\u0643\u062a\u0631\u0648\u0633\u062a\u0627\u062a\u064a\u0643<\/li>\n<li>\u064a\u062a\u0636\u0645\u0646 \u0627\u0644\u0644\u0645\u0628\u0627\u062a: \u0646\u0639\u0645<\/li>\n<li>\u0646\u0648\u0639 \u0627\u0644\u0644\u0645\u0628\u0629: 72\u0648\u0627\u062a<\/li>\n<li>\u064a\u062d\u062a\u0627\u062c \u0627\u0644\u0649 \u062a\u0631\u0643\u064a\u0628: \u0646\u0639\u0645<\/li>\n<li>\u0628\u0644\u062f \u0627\u0644\u0645\u0646\u0634\u0623: \u0627\u0644\u0635\u064a\u0646<\/li>\n<li>\u0627\u0644\u0636\u0645\u0627\u0646: 1 \u0633\u0646\u0629<\/li>\n<\/ul>\n","protected":false},"excerpt":{"rendered":"<p>\u0627\u0644\u0644\u0648\u0646: \u0630\u0647\u0628\u0649 \u0627\u0644\u062e\u0627\u0645\u0629: \u0633\u062a\u0627\u0646\u0644\u0633 \u0627\u0644\u0637\u0648\u0644 (\u0633\u0645): 85 \u0627\u0644\u0639\u0645\u0642 (\u0633\u0645): 35 \u0627\u0644\u0627\u0631\u062a\u0641\u0627\u0639 (\u0633\u0645): 60 \u0627\u0644\u0639\u0631\u0636 (\u0633\u0645): 35 \u0646\u0648\u0639 \u0627\u0644\u0625\u0636\u0627\u0621\u0629: LED \u0646\u0648\u0639<\/p>\n","protected":false},"featured_media":50611,"template":"","meta":{"_acf_changed":false,"nf_dc_page":""},"product_brand":[],"product_cat":[158,45],"product_tag":[],"class_list":{"0":"post-52667","1":"product","2":"type-product","3":"status-publish","4":"has-post-thumbnail","6":"product_cat-chandeliers","7":"product_cat-lighting","9":"first","10":"instock","11":"sale","12":"shipping-taxable","13":"purchasable","14":"product-type-simple"},"acf":[],"jetpack_sharing_enabled":true,"_links":{"self":[{"href":"https:\/\/homzmix.com\/en\/wp-json\/wp\/v2\/product\/52667","targetHints":{"allow":["GET"]}}],"collection":[{"href":"https:\/\/homzmix.com\/en\/wp-json\/wp\/v2\/product"}],"about":[{"href":"https:\/\/homzmix.com\/en\/wp-json\/wp\/v2\/types\/product"}],"version-history":[{"count":0,"href":"https:\/\/homzmix.com\/en\/wp-json\/wp\/v2\/product\/52667\/revisions"}],"wp:featuredmedia":[{"embeddable":true,"href":"https:\/\/homzmix.com\/en\/wp-json\/wp\/v2\/media\/50611"}],"wp:attachment":[{"href":"https:\/\/homzmix.com\/en\/wp-json\/wp\/v2\/media?parent=52667"}],"wp:term":[{"taxonomy":"product_brand","embeddable":true,"href":"https:\/\/homzmix.com\/en\/wp-json\/wp\/v2\/product_brand?post=52667"},{"taxonomy":"product_cat","embeddable":true,"href":"https:\/\/homzmix.com\/en\/wp-json\/wp\/v2\/product_cat?post=52667"},{"taxonomy":"product_tag","embeddable":true,"href":"https:\/\/homzmix.com\/en\/wp-json\/wp\/v2\/product_tag?post=52667"}],"curies":[{"name":"wp","href":"https:\/\/api.w.org\/{rel}","templated":true}]}}