{"id":38894,"date":"2025-10-28T06:59:06","date_gmt":"2025-10-28T06:59:06","guid":{"rendered":"https:\/\/homzmix.com\/?post_type=product&#038;p=38894"},"modified":"2025-12-23T00:10:58","modified_gmt":"2025-12-23T00:10:58","slug":"beech-wood-l-shaped-sofa-hammer-velvet-fabric-70x140x280x85-cm-light-grey-v005-fu41","status":"publish","type":"product","link":"https:\/\/homzmix.com\/en\/product\/beech-wood-l-shaped-sofa-hammer-velvet-fabric-70x140x280x85-cm-light-grey-v005-fu41\/","title":{"rendered":"Beech Wood L-Shaped Sofa, Hammer Velvet Fabric, 70\u00d7140\u00d7280\u00d785 Cm &#8211; Light Grey"},"content":{"rendered":"<ul>\n<li>A Corner Sofa Crafted From Solid Beech Wood For Strength And Durability.<\/li>\n<li>Upholstered In Elegant Hammer Velvet Fabric For A Touch Of Luxury.<\/li>\n<li>The Light Gray Color Adds A Touch Of Tranquility And Sophistication That Complements Any D\u00e9cor.<\/li>\n<li>A Practical Design That Provides Comfortable Seating For Family And Guests.<\/li>\n<li>Dimensions: 70 X 140 X 280 X 85 Cm.<\/li>\n<\/ul>\n","protected":false},"excerpt":{"rendered":"<ul>\n<li>Color: Light Gray<\/li>\n<li>Type: Corner Sofa<\/li>\n<li>Material: Beech Wood<\/li>\n<li>Dimensions: 70 X 140 X 280 X 85 Cm<\/li>\n<\/ul>\n","protected":false},"featured_media":39702,"template":"","meta":{"_acf_changed":false,"nf_dc_page":""},"product_brand":[],"product_cat":[35,95],"product_tag":[],"class_list":{"0":"post-38894","1":"product","2":"type-product","3":"status-publish","4":"has-post-thumbnail","6":"product_cat-furniture","7":"product_cat-sofas","9":"first","10":"instock","11":"sale","12":"shipping-taxable","13":"purchasable","14":"product-type-simple"},"acf":[],"jetpack_sharing_enabled":true,"_links":{"self":[{"href":"https:\/\/homzmix.com\/en\/wp-json\/wp\/v2\/product\/38894","targetHints":{"allow":["GET"]}}],"collection":[{"href":"https:\/\/homzmix.com\/en\/wp-json\/wp\/v2\/product"}],"about":[{"href":"https:\/\/homzmix.com\/en\/wp-json\/wp\/v2\/types\/product"}],"version-history":[{"count":5,"href":"https:\/\/homzmix.com\/en\/wp-json\/wp\/v2\/product\/38894\/revisions"}],"predecessor-version":[{"id":51769,"href":"https:\/\/homzmix.com\/en\/wp-json\/wp\/v2\/product\/38894\/revisions\/51769"}],"wp:featuredmedia":[{"embeddable":true,"href":"https:\/\/homzmix.com\/en\/wp-json\/wp\/v2\/media\/39702"}],"wp:attachment":[{"href":"https:\/\/homzmix.com\/en\/wp-json\/wp\/v2\/media?parent=38894"}],"wp:term":[{"taxonomy":"product_brand","embeddable":true,"href":"https:\/\/homzmix.com\/en\/wp-json\/wp\/v2\/product_brand?post=38894"},{"taxonomy":"product_cat","embeddable":true,"href":"https:\/\/homzmix.com\/en\/wp-json\/wp\/v2\/product_cat?post=38894"},{"taxonomy":"product_tag","embeddable":true,"href":"https:\/\/homzmix.com\/en\/wp-json\/wp\/v2\/product_tag?post=38894"}],"curies":[{"name":"wp","href":"https:\/\/api.w.org\/{rel}","templated":true}]}}