{"id":38872,"date":"2025-10-28T06:59:02","date_gmt":"2025-10-28T06:59:02","guid":{"rendered":"https:\/\/homzmix.com\/?post_type=product&#038;p=38872"},"modified":"2025-12-23T00:10:57","modified_gmt":"2025-12-23T00:10:57","slug":"beech-wood-modern-l-shape-sofa-hammer-velvet-fabric-70x140x280x85-cm-beige-v005-fu36","status":"publish","type":"product","link":"https:\/\/homzmix.com\/en\/product\/beech-wood-modern-l-shape-sofa-hammer-velvet-fabric-70x140x280x85-cm-beige-v005-fu36\/","title":{"rendered":"Beech Wood Modern L-Shape Sofa, Hammer Velvet Fabric, 70\u00d7140\u00d7280\u00d785 Cm &#8211; Beige"},"content":{"rendered":"<ul>\n<li>A Modern Corner Sofa With A Contemporary Design To Suit Modern Tastes.<\/li>\n<li>Made From Sturdy Beech Wood For Long-Lasting Durability.<\/li>\n<li>Luxurious Hammer Velvet Fabric Provides A Soft Touch.<\/li>\n<li>The Beige Color Adds Warmth And Elegance To Your Home D\u00e9cor.<\/li>\n<li>Dimensions: 70 X 140 X 280 X 85 Cm.<\/li>\n<\/ul>\n","protected":false},"excerpt":{"rendered":"<ul>\n<li>Color: Beige<\/li>\n<li>Type: Modern Corner Sofa<\/li>\n<li>Material: Beech Wood<\/li>\n<li>Dimensions: 70 X 140 X 280 X 85 Cm<\/li>\n<\/ul>\n","protected":false},"featured_media":39683,"template":"","meta":{"_acf_changed":false,"nf_dc_page":""},"product_brand":[],"product_cat":[35,95],"product_tag":[],"class_list":{"0":"post-38872","1":"product","2":"type-product","3":"status-publish","4":"has-post-thumbnail","6":"product_cat-furniture","7":"product_cat-sofas","9":"first","10":"instock","11":"sale","12":"shipping-taxable","13":"purchasable","14":"product-type-simple"},"acf":[],"jetpack_sharing_enabled":true,"_links":{"self":[{"href":"https:\/\/homzmix.com\/en\/wp-json\/wp\/v2\/product\/38872","targetHints":{"allow":["GET"]}}],"collection":[{"href":"https:\/\/homzmix.com\/en\/wp-json\/wp\/v2\/product"}],"about":[{"href":"https:\/\/homzmix.com\/en\/wp-json\/wp\/v2\/types\/product"}],"version-history":[{"count":5,"href":"https:\/\/homzmix.com\/en\/wp-json\/wp\/v2\/product\/38872\/revisions"}],"predecessor-version":[{"id":51766,"href":"https:\/\/homzmix.com\/en\/wp-json\/wp\/v2\/product\/38872\/revisions\/51766"}],"wp:featuredmedia":[{"embeddable":true,"href":"https:\/\/homzmix.com\/en\/wp-json\/wp\/v2\/media\/39683"}],"wp:attachment":[{"href":"https:\/\/homzmix.com\/en\/wp-json\/wp\/v2\/media?parent=38872"}],"wp:term":[{"taxonomy":"product_brand","embeddable":true,"href":"https:\/\/homzmix.com\/en\/wp-json\/wp\/v2\/product_brand?post=38872"},{"taxonomy":"product_cat","embeddable":true,"href":"https:\/\/homzmix.com\/en\/wp-json\/wp\/v2\/product_cat?post=38872"},{"taxonomy":"product_tag","embeddable":true,"href":"https:\/\/homzmix.com\/en\/wp-json\/wp\/v2\/product_tag?post=38872"}],"curies":[{"name":"wp","href":"https:\/\/api.w.org\/{rel}","templated":true}]}}