{"id":38846,"date":"2025-10-28T06:58:51","date_gmt":"2025-10-28T06:58:51","guid":{"rendered":"https:\/\/homzmix.com\/?post_type=product&#038;p=38846"},"modified":"2025-12-23T00:10:56","modified_gmt":"2025-12-23T00:10:56","slug":"beech-wood-l-shaped-sofa-hammer-velvet-fabric-70x170x280x85-cm-grey-v005-fu29","status":"publish","type":"product","link":"https:\/\/homzmix.com\/en\/product\/beech-wood-l-shaped-sofa-hammer-velvet-fabric-70x170x280x85-cm-grey-v005-fu29\/","title":{"rendered":"Beech Wood L-Shaped Sofa, Hammer Velvet Fabric, 70\u00d7170\u00d7280\u00d785 Cm &#8211; Grey"},"content":{"rendered":"<ul>\n<li>A Practical Corner Sofa Made Of High-Quality, Durable Beechwood.<\/li>\n<li>Upholstered In Soft, Plush Hammer Velvet Fabric For Added Comfort And Elegance.<\/li>\n<li>Its Modern Design Brings A Touch Of Simplicity And Beauty To Your Home.<\/li>\n<li>The Gray Color Gives It A Calming Look And Makes It Easy To Blend With Various D\u00e9cor Styles.<\/li>\n<li>Dimensions: 70 X 170 X 280 X 85 Cm. Suitable For Medium To Large Spaces.<\/li>\n<\/ul>\n","protected":false},"excerpt":{"rendered":"<ul>\n<li>Color: Gray<\/li>\n<li>Type: Corner Sofa<\/li>\n<li>Material: Beech Wood<\/li>\n<li>Dimensions: 70 X 170 X 280 X 85 Cm<\/li>\n<\/ul>\n","protected":false},"featured_media":39663,"template":"","meta":{"_acf_changed":false,"nf_dc_page":""},"product_brand":[],"product_cat":[35,95],"product_tag":[],"class_list":{"0":"post-38846","1":"product","2":"type-product","3":"status-publish","4":"has-post-thumbnail","6":"product_cat-furniture","7":"product_cat-sofas","9":"first","10":"instock","11":"sale","12":"shipping-taxable","13":"purchasable","14":"product-type-simple"},"acf":[],"jetpack_sharing_enabled":true,"_links":{"self":[{"href":"https:\/\/homzmix.com\/en\/wp-json\/wp\/v2\/product\/38846","targetHints":{"allow":["GET"]}}],"collection":[{"href":"https:\/\/homzmix.com\/en\/wp-json\/wp\/v2\/product"}],"about":[{"href":"https:\/\/homzmix.com\/en\/wp-json\/wp\/v2\/types\/product"}],"version-history":[{"count":5,"href":"https:\/\/homzmix.com\/en\/wp-json\/wp\/v2\/product\/38846\/revisions"}],"predecessor-version":[{"id":51760,"href":"https:\/\/homzmix.com\/en\/wp-json\/wp\/v2\/product\/38846\/revisions\/51760"}],"wp:featuredmedia":[{"embeddable":true,"href":"https:\/\/homzmix.com\/en\/wp-json\/wp\/v2\/media\/39663"}],"wp:attachment":[{"href":"https:\/\/homzmix.com\/en\/wp-json\/wp\/v2\/media?parent=38846"}],"wp:term":[{"taxonomy":"product_brand","embeddable":true,"href":"https:\/\/homzmix.com\/en\/wp-json\/wp\/v2\/product_brand?post=38846"},{"taxonomy":"product_cat","embeddable":true,"href":"https:\/\/homzmix.com\/en\/wp-json\/wp\/v2\/product_cat?post=38846"},{"taxonomy":"product_tag","embeddable":true,"href":"https:\/\/homzmix.com\/en\/wp-json\/wp\/v2\/product_tag?post=38846"}],"curies":[{"name":"wp","href":"https:\/\/api.w.org\/{rel}","templated":true}]}}