{"id":38822,"date":"2025-10-28T06:58:47","date_gmt":"2025-10-28T06:58:47","guid":{"rendered":"https:\/\/homzmix.com\/?post_type=product&#038;p=38822"},"modified":"2025-12-23T00:10:50","modified_gmt":"2025-12-23T00:10:50","slug":"beech-wood-l-shaped-sofa-hammer-velvet-fabric-70x170x260x75-cm-grey-v005-fu24","status":"publish","type":"product","link":"https:\/\/homzmix.com\/en\/product\/beech-wood-l-shaped-sofa-hammer-velvet-fabric-70x170x260x75-cm-grey-v005-fu24\/","title":{"rendered":"Beech Wood L-Shaped Sofa, Hammer Velvet Fabric, 70\u00d7170\u00d7260\u00d775 Cm &#8211; Grey"},"content":{"rendered":"<ul>\n<li>A Practical Corner Sofa With A Modern Design, Perfect For Large Spaces.<\/li>\n<li>A Sturdy Frame Made Of Solid Beech Wood For Added Strength.<\/li>\n<li>Hammer Velvet Fabric Provides A Soft And Luxurious Feel.<\/li>\n<li>Dimensions: 70 X 170 X 260 X 75 Cm \u2013 Ample Seating.<\/li>\n<li>Color: Gray \u2013 A Modern Color That Complements All D\u00e9cor Styles.<\/li>\n<li>A Practical Choice That Combines Comfort And Luxury.<\/li>\n<\/ul>\n","protected":false},"excerpt":{"rendered":"<ul>\n<li>Color: Gray<\/li>\n<li>Type: Corner Sofa<\/li>\n<li>Material: Beech Wood<\/li>\n<li>Dimensions: 70 X 170 X 260 X 75 Cm<\/li>\n<\/ul>\n","protected":false},"featured_media":39644,"template":"","meta":{"_acf_changed":false,"nf_dc_page":""},"product_brand":[],"product_cat":[35,95],"product_tag":[],"class_list":{"0":"post-38822","1":"product","2":"type-product","3":"status-publish","4":"has-post-thumbnail","6":"product_cat-furniture","7":"product_cat-sofas","9":"first","10":"instock","11":"sale","12":"shipping-taxable","13":"purchasable","14":"product-type-simple"},"acf":[],"jetpack_sharing_enabled":true,"_links":{"self":[{"href":"https:\/\/homzmix.com\/en\/wp-json\/wp\/v2\/product\/38822","targetHints":{"allow":["GET"]}}],"collection":[{"href":"https:\/\/homzmix.com\/en\/wp-json\/wp\/v2\/product"}],"about":[{"href":"https:\/\/homzmix.com\/en\/wp-json\/wp\/v2\/types\/product"}],"version-history":[{"count":5,"href":"https:\/\/homzmix.com\/en\/wp-json\/wp\/v2\/product\/38822\/revisions"}],"predecessor-version":[{"id":51755,"href":"https:\/\/homzmix.com\/en\/wp-json\/wp\/v2\/product\/38822\/revisions\/51755"}],"wp:featuredmedia":[{"embeddable":true,"href":"https:\/\/homzmix.com\/en\/wp-json\/wp\/v2\/media\/39644"}],"wp:attachment":[{"href":"https:\/\/homzmix.com\/en\/wp-json\/wp\/v2\/media?parent=38822"}],"wp:term":[{"taxonomy":"product_brand","embeddable":true,"href":"https:\/\/homzmix.com\/en\/wp-json\/wp\/v2\/product_brand?post=38822"},{"taxonomy":"product_cat","embeddable":true,"href":"https:\/\/homzmix.com\/en\/wp-json\/wp\/v2\/product_cat?post=38822"},{"taxonomy":"product_tag","embeddable":true,"href":"https:\/\/homzmix.com\/en\/wp-json\/wp\/v2\/product_tag?post=38822"}],"curies":[{"name":"wp","href":"https:\/\/api.w.org\/{rel}","templated":true}]}}