{"id":38818,"date":"2025-10-28T06:58:46","date_gmt":"2025-10-28T06:58:46","guid":{"rendered":"https:\/\/homzmix.com\/?post_type=product&#038;p=38818"},"modified":"2026-01-04T16:32:04","modified_gmt":"2026-01-04T16:32:04","slug":"beech-wood-l-shaped-sofa-hammer-velvet-fabric-70x170x260x75-cm-beige-v005-fu23","status":"publish","type":"product","link":"https:\/\/homzmix.com\/en\/product\/beech-wood-l-shaped-sofa-hammer-velvet-fabric-70x170x260x75-cm-beige-v005-fu23\/","title":{"rendered":"\u0643\u0646\u0628\u0629 \u0631\u0643\u0646\u0629 \u062e\u0634\u0628 \u0632\u0627\u0646\u060c \u0642\u0645\u0627\u0634 \u0647\u0627\u0645\u0631 \u0642\u0637\u064a\u0641\u0629\u060c 70\u00d7170\u00d7260\u00d775 \u0633\u0645 &#8211; \u0628\u064a\u062c"},"content":{"rendered":"<ul>\n<li>\u0631\u0643\u0646\u0629 \u0645\u0648\u062f\u0631\u0646 \u0623\u0646\u064a\u0642\u0629 \u062a\u0636\u0641\u064a \u0644\u0645\u0633\u0629 \u0645\u0645\u064a\u0632\u0629 \u0639\u0644\u0649 \u063a\u0631\u0641\u0629 \u0627\u0644\u0645\u0639\u064a\u0634\u0629.<\/li>\n<li>\u0645\u0635\u0646\u0648\u0639\u0629 \u0645\u0646 \u062e\u0634\u0628 \u0627\u0644\u0632\u0627\u0646 \u0627\u0644\u0637\u0628\u064a\u0639\u064a \u0644\u062c\u0648\u062f\u0629 \u0639\u0627\u0644\u064a\u0629.<\/li>\n<li>\u0642\u0645\u0627\u0634 \u0647\u0627\u0645\u0631 \u0642\u0637\u064a\u0641\u0629 \u064a\u0645\u0646\u062d \u0645\u0638\u0647\u0631\u064b\u0627 \u0623\u0646\u064a\u0642\u064b\u0627 \u0648\u0641\u062e\u0645\u064b\u0627.<\/li>\n<li>\u0627\u0644\u0623\u0628\u0639\u0627\u062f: 70\u00d7170\u00d7260\u00d775 \u0633\u0645 \u2013 \u0645\u062b\u0627\u0644\u064a\u0629 \u0644\u0644\u063a\u0631\u0641 \u0627\u0644\u0645\u062a\u0648\u0633\u0637\u0629 \u0648\u0627\u0644\u0643\u0628\u064a\u0631\u0629.<\/li>\n<li>\u0627\u0644\u0644\u0648\u0646: \u0628\u064a\u062c \u2013 \u0644\u0648\u0646 \u0647\u0627\u062f\u0626 \u0648\u0645\u062a\u0646\u0627\u0633\u0642 \u0645\u0639 \u0623\u064a \u062f\u064a\u0643\u0648\u0631.<\/li>\n<li>\u062e\u064a\u0627\u0631 \u064a\u062c\u0645\u0639 \u0628\u064a\u0646 \u0627\u0644\u0623\u0646\u0627\u0642\u0629 \u0648\u0627\u0644\u0645\u062a\u0627\u0646\u0629.<\/li>\n<\/ul>\n","protected":false},"excerpt":{"rendered":"<ul>\n<li>\u0627\u0644\u0644\u0648\u0646: \u0628\u064a\u062c<\/li>\n<li>\u0627\u0644\u0646\u0648\u0639: \u0643\u0646\u0628\u0629 \u0631\u0643\u0646\u0629<\/li>\n<li>\u0627\u0644\u062e\u0627\u0645\u0629: \u062e\u0634\u0628 \u0632\u0627\u0646<\/li>\n<li>\u0627\u0644\u0627\u0628\u0639\u0627\u062f: 70\u00d7170\u00d7260\u00d775 \u0633\u0645<\/li>\n<\/ul>\n","protected":false},"featured_media":39641,"template":"","meta":{"_acf_changed":false,"nf_dc_page":""},"product_brand":[],"product_cat":[35,95],"product_tag":[],"class_list":{"0":"post-38818","1":"product","2":"type-product","3":"status-publish","4":"has-post-thumbnail","6":"product_cat-furniture","7":"product_cat-sofas","9":"first","10":"instock","11":"sale","12":"shipping-taxable","13":"purchasable","14":"product-type-simple"},"acf":[],"jetpack_sharing_enabled":true,"_links":{"self":[{"href":"https:\/\/homzmix.com\/en\/wp-json\/wp\/v2\/product\/38818","targetHints":{"allow":["GET"]}}],"collection":[{"href":"https:\/\/homzmix.com\/en\/wp-json\/wp\/v2\/product"}],"about":[{"href":"https:\/\/homzmix.com\/en\/wp-json\/wp\/v2\/types\/product"}],"version-history":[{"count":5,"href":"https:\/\/homzmix.com\/en\/wp-json\/wp\/v2\/product\/38818\/revisions"}],"predecessor-version":[{"id":52397,"href":"https:\/\/homzmix.com\/en\/wp-json\/wp\/v2\/product\/38818\/revisions\/52397"}],"wp:featuredmedia":[{"embeddable":true,"href":"https:\/\/homzmix.com\/en\/wp-json\/wp\/v2\/media\/39641"}],"wp:attachment":[{"href":"https:\/\/homzmix.com\/en\/wp-json\/wp\/v2\/media?parent=38818"}],"wp:term":[{"taxonomy":"product_brand","embeddable":true,"href":"https:\/\/homzmix.com\/en\/wp-json\/wp\/v2\/product_brand?post=38818"},{"taxonomy":"product_cat","embeddable":true,"href":"https:\/\/homzmix.com\/en\/wp-json\/wp\/v2\/product_cat?post=38818"},{"taxonomy":"product_tag","embeddable":true,"href":"https:\/\/homzmix.com\/en\/wp-json\/wp\/v2\/product_tag?post=38818"}],"curies":[{"name":"wp","href":"https:\/\/api.w.org\/{rel}","templated":true}]}}