{"id":38790,"date":"2025-10-28T06:58:35","date_gmt":"2025-10-28T06:58:35","guid":{"rendered":"https:\/\/homzmix.com\/?post_type=product&#038;p=38790"},"modified":"2025-12-23T00:10:49","modified_gmt":"2025-12-23T00:10:49","slug":"beech-wood-l-shaped-sofa-hammer-velvet-fabric-70x170x300x60-cm-off-white-v005-fu15","status":"publish","type":"product","link":"https:\/\/homzmix.com\/en\/product\/beech-wood-l-shaped-sofa-hammer-velvet-fabric-70x170x300x60-cm-off-white-v005-fu15\/","title":{"rendered":"Beech Wood L-Shaped Sofa, Hammer Velvet Fabric, 70\u00d7170\u00d7300\u00d760 Cm &#8211; Off-White"},"content":{"rendered":"<ul>\n<li>A Stylish Corner Sofa With A Modern Design To Suit Any Space.<\/li>\n<li>Made From Solid Beech Wood For Strength And Durability.<\/li>\n<li>Upholstered In Soft Hammer Velvet Fabric For A Luxurious Touch.<\/li>\n<li>Dimensions: 70 X 170 X 300 X 60 Cm \u2013 Ideal For Spacious Rooms.<\/li>\n<li>Color: Off-White \u2013 Adds Brightness And Elegance To Your D\u00e9cor.<\/li>\n<li>A Choice That Combines Comfort And Appeal.<\/li>\n<\/ul>\n","protected":false},"excerpt":{"rendered":"<ul>\n<li>Color: Off-White<\/li>\n<li>Type: Corner Sofa<\/li>\n<li>Material: Beech Wood<\/li>\n<li>Dimensions: 70 X 170 X 300 X 60 Cm<\/li>\n<\/ul>\n","protected":false},"featured_media":39618,"template":"","meta":{"_acf_changed":false,"nf_dc_page":""},"product_brand":[],"product_cat":[35,95],"product_tag":[],"class_list":{"0":"post-38790","1":"product","2":"type-product","3":"status-publish","4":"has-post-thumbnail","6":"product_cat-furniture","7":"product_cat-sofas","9":"first","10":"instock","11":"sale","12":"shipping-taxable","13":"purchasable","14":"product-type-simple"},"acf":[],"jetpack_sharing_enabled":true,"_links":{"self":[{"href":"https:\/\/homzmix.com\/en\/wp-json\/wp\/v2\/product\/38790","targetHints":{"allow":["GET"]}}],"collection":[{"href":"https:\/\/homzmix.com\/en\/wp-json\/wp\/v2\/product"}],"about":[{"href":"https:\/\/homzmix.com\/en\/wp-json\/wp\/v2\/types\/product"}],"version-history":[{"count":5,"href":"https:\/\/homzmix.com\/en\/wp-json\/wp\/v2\/product\/38790\/revisions"}],"predecessor-version":[{"id":51750,"href":"https:\/\/homzmix.com\/en\/wp-json\/wp\/v2\/product\/38790\/revisions\/51750"}],"wp:featuredmedia":[{"embeddable":true,"href":"https:\/\/homzmix.com\/en\/wp-json\/wp\/v2\/media\/39618"}],"wp:attachment":[{"href":"https:\/\/homzmix.com\/en\/wp-json\/wp\/v2\/media?parent=38790"}],"wp:term":[{"taxonomy":"product_brand","embeddable":true,"href":"https:\/\/homzmix.com\/en\/wp-json\/wp\/v2\/product_brand?post=38790"},{"taxonomy":"product_cat","embeddable":true,"href":"https:\/\/homzmix.com\/en\/wp-json\/wp\/v2\/product_cat?post=38790"},{"taxonomy":"product_tag","embeddable":true,"href":"https:\/\/homzmix.com\/en\/wp-json\/wp\/v2\/product_tag?post=38790"}],"curies":[{"name":"wp","href":"https:\/\/api.w.org\/{rel}","templated":true}]}}