{"id":38786,"date":"2025-10-28T06:58:33","date_gmt":"2025-10-28T06:58:33","guid":{"rendered":"https:\/\/homzmix.com\/?post_type=product&#038;p=38786"},"modified":"2025-12-23T00:10:48","modified_gmt":"2025-12-23T00:10:48","slug":"beech-wood-3-seater-sofa-hammer-velvet-fabric-70x85x200x85-cm-flowery-v005-fu13","status":"publish","type":"product","link":"https:\/\/homzmix.com\/en\/product\/beech-wood-3-seater-sofa-hammer-velvet-fabric-70x85x200x85-cm-flowery-v005-fu13\/","title":{"rendered":"Beech Wood 3 Seater Sofa, Hammer Velvet Fabric, 70\u00d785\u00d7200\u00d785 Cm &#8211; Flowery"},"content":{"rendered":"<ul>\n<li>A Stylish, Modern Three-Seater Sofa To Suit All Tastes.<\/li>\n<li>Made From Solid Beech Wood For Quality And Durability.<\/li>\n<li>Upholstered In Luxurious Hammer Velvet Fabric For A Soft And Elegant Feel.<\/li>\n<li>Dimensions: 70 X 85 X 200 X 85 Cm \u2013 Suitable For Medium-Sized Spaces.<\/li>\n<li>Available In Distinctive Colors To Complement Your Home D\u00e9cor.<\/li>\n<li>A Practical Choice That Combines Comfort And Style.<\/li>\n<\/ul>\n","protected":false},"excerpt":{"rendered":"<ul>\n<li>Color: Pink<\/li>\n<li>Type: Three-Seater Sofa<\/li>\n<li>Material: Beech Wood<\/li>\n<li>Dimensions: 70 X 85 X 200 X 85 Cm<\/li>\n<\/ul>\n","protected":false},"featured_media":39615,"template":"","meta":{"_acf_changed":false,"nf_dc_page":""},"product_brand":[],"product_cat":[35,95],"product_tag":[],"class_list":{"0":"post-38786","1":"product","2":"type-product","3":"status-publish","4":"has-post-thumbnail","6":"product_cat-furniture","7":"product_cat-sofas","9":"first","10":"instock","11":"sale","12":"shipping-taxable","13":"purchasable","14":"product-type-simple"},"acf":[],"jetpack_sharing_enabled":true,"_links":{"self":[{"href":"https:\/\/homzmix.com\/en\/wp-json\/wp\/v2\/product\/38786","targetHints":{"allow":["GET"]}}],"collection":[{"href":"https:\/\/homzmix.com\/en\/wp-json\/wp\/v2\/product"}],"about":[{"href":"https:\/\/homzmix.com\/en\/wp-json\/wp\/v2\/types\/product"}],"version-history":[{"count":5,"href":"https:\/\/homzmix.com\/en\/wp-json\/wp\/v2\/product\/38786\/revisions"}],"predecessor-version":[{"id":51749,"href":"https:\/\/homzmix.com\/en\/wp-json\/wp\/v2\/product\/38786\/revisions\/51749"}],"wp:featuredmedia":[{"embeddable":true,"href":"https:\/\/homzmix.com\/en\/wp-json\/wp\/v2\/media\/39615"}],"wp:attachment":[{"href":"https:\/\/homzmix.com\/en\/wp-json\/wp\/v2\/media?parent=38786"}],"wp:term":[{"taxonomy":"product_brand","embeddable":true,"href":"https:\/\/homzmix.com\/en\/wp-json\/wp\/v2\/product_brand?post=38786"},{"taxonomy":"product_cat","embeddable":true,"href":"https:\/\/homzmix.com\/en\/wp-json\/wp\/v2\/product_cat?post=38786"},{"taxonomy":"product_tag","embeddable":true,"href":"https:\/\/homzmix.com\/en\/wp-json\/wp\/v2\/product_tag?post=38786"}],"curies":[{"name":"wp","href":"https:\/\/api.w.org\/{rel}","templated":true}]}}