{"id":38782,"date":"2025-10-28T06:58:33","date_gmt":"2025-10-28T06:58:33","guid":{"rendered":"https:\/\/homzmix.com\/?post_type=product&#038;p=38782"},"modified":"2025-12-23T00:10:48","modified_gmt":"2025-12-23T00:10:48","slug":"beech-wood-l-shaped-sofa-hammer-velvet-fabric-70x170x300x85-cm-light-grey-v005-fu9","status":"publish","type":"product","link":"https:\/\/homzmix.com\/en\/product\/beech-wood-l-shaped-sofa-hammer-velvet-fabric-70x170x300x85-cm-light-grey-v005-fu9\/","title":{"rendered":"Beech Wood L-Shaped Sofa, Hammer Velvet Fabric, 70\u00d7170\u00d7300\u00d785 Cm &#8211; Light Grey"},"content":{"rendered":"<ul>\n<li>A Modern Corner Sofa With Elegant Details That Will Enhance Your Living Room.<\/li>\n<li>A Sturdy Beechwood Frame Provides Long-Lasting Stability.<\/li>\n<li>Soft, Plush Hammer Fabric Offers A Comfortable Feel.<\/li>\n<li>Dimensions: 70 X 170 X 300 X 85 Cm \u2013 Ideal For Larger Spaces.<\/li>\n<li>Attractive Colors That Complement Modern D\u00e9cor.<\/li>\n<li>The Perfect Choice For Combining Durability And Luxury.<\/li>\n<\/ul>\n","protected":false},"excerpt":{"rendered":"<ul>\n<li>Color: Light Gray<\/li>\n<li>Type: Corner Sofa<\/li>\n<li>Material: Beech Wood<\/li>\n<li>Dimensions: 70 X 170 X 300 X 85 Cm<\/li>\n<\/ul>\n","protected":false},"featured_media":39612,"template":"","meta":{"_acf_changed":false,"nf_dc_page":""},"product_brand":[],"product_cat":[35,95],"product_tag":[],"class_list":{"0":"post-38782","1":"product","2":"type-product","3":"status-publish","4":"has-post-thumbnail","6":"product_cat-furniture","7":"product_cat-sofas","9":"first","10":"instock","11":"sale","12":"shipping-taxable","13":"purchasable","14":"product-type-simple"},"acf":[],"jetpack_sharing_enabled":true,"_links":{"self":[{"href":"https:\/\/homzmix.com\/en\/wp-json\/wp\/v2\/product\/38782","targetHints":{"allow":["GET"]}}],"collection":[{"href":"https:\/\/homzmix.com\/en\/wp-json\/wp\/v2\/product"}],"about":[{"href":"https:\/\/homzmix.com\/en\/wp-json\/wp\/v2\/types\/product"}],"version-history":[{"count":5,"href":"https:\/\/homzmix.com\/en\/wp-json\/wp\/v2\/product\/38782\/revisions"}],"predecessor-version":[{"id":51748,"href":"https:\/\/homzmix.com\/en\/wp-json\/wp\/v2\/product\/38782\/revisions\/51748"}],"wp:featuredmedia":[{"embeddable":true,"href":"https:\/\/homzmix.com\/en\/wp-json\/wp\/v2\/media\/39612"}],"wp:attachment":[{"href":"https:\/\/homzmix.com\/en\/wp-json\/wp\/v2\/media?parent=38782"}],"wp:term":[{"taxonomy":"product_brand","embeddable":true,"href":"https:\/\/homzmix.com\/en\/wp-json\/wp\/v2\/product_brand?post=38782"},{"taxonomy":"product_cat","embeddable":true,"href":"https:\/\/homzmix.com\/en\/wp-json\/wp\/v2\/product_cat?post=38782"},{"taxonomy":"product_tag","embeddable":true,"href":"https:\/\/homzmix.com\/en\/wp-json\/wp\/v2\/product_tag?post=38782"}],"curies":[{"name":"wp","href":"https:\/\/api.w.org\/{rel}","templated":true}]}}