{"id":38758,"date":"2025-10-28T06:58:27","date_gmt":"2025-10-28T06:58:27","guid":{"rendered":"https:\/\/homzmix.com\/?post_type=product&#038;p=38758"},"modified":"2025-12-23T00:10:47","modified_gmt":"2025-12-23T00:10:47","slug":"beech-wood-modern-l-shape-sofa-hammer-velvet-fabric-70x140x280x85-cm-blue-v005-fu3","status":"publish","type":"product","link":"https:\/\/homzmix.com\/en\/product\/beech-wood-modern-l-shape-sofa-hammer-velvet-fabric-70x140x280x85-cm-blue-v005-fu3\/","title":{"rendered":"Beech Wood Modern L-Shape Sofa, Hammer Velvet Fabric, 70\u00d7140\u00d7280\u00d785 Cm &#8211; Blue"},"content":{"rendered":"<ul>\n<li>A Modern Corner Sofa With A Contemporary Design That Adds A Touch Of Elegance To Your Home.<\/li>\n<li>Made From High-Quality Beech Wood For Long-Lasting Durability.<\/li>\n<li>Upholstered In Plush Hammer Velvet Fabric For Comfort And A Soft Touch.<\/li>\n<li>Dimensions: 70 X 140 X 280 X 85 Cm \u2013 Suitable For Spacious Areas.<\/li>\n<li>Stylish Colors To Complement The Latest D\u00e9cor Trends.<\/li>\n<li>Perfect For Relaxing And Unwinding With Family Or Friends.<\/li>\n<\/ul>\n","protected":false},"excerpt":{"rendered":"<ul>\n<li>Color: Blue<\/li>\n<li>Type: Modern Corner Sofa<\/li>\n<li>Material: Beech Wood<\/li>\n<li>Dimensions: 70 X 140 X 280 X 85 Cm<\/li>\n<\/ul>\n","protected":false},"featured_media":39592,"template":"","meta":{"_acf_changed":false,"nf_dc_page":""},"product_brand":[],"product_cat":[35,95],"product_tag":[],"class_list":{"0":"post-38758","1":"product","2":"type-product","3":"status-publish","4":"has-post-thumbnail","6":"product_cat-furniture","7":"product_cat-sofas","9":"first","10":"instock","11":"sale","12":"shipping-taxable","13":"purchasable","14":"product-type-simple"},"acf":[],"jetpack_sharing_enabled":true,"_links":{"self":[{"href":"https:\/\/homzmix.com\/en\/wp-json\/wp\/v2\/product\/38758","targetHints":{"allow":["GET"]}}],"collection":[{"href":"https:\/\/homzmix.com\/en\/wp-json\/wp\/v2\/product"}],"about":[{"href":"https:\/\/homzmix.com\/en\/wp-json\/wp\/v2\/types\/product"}],"version-history":[{"count":5,"href":"https:\/\/homzmix.com\/en\/wp-json\/wp\/v2\/product\/38758\/revisions"}],"predecessor-version":[{"id":51744,"href":"https:\/\/homzmix.com\/en\/wp-json\/wp\/v2\/product\/38758\/revisions\/51744"}],"wp:featuredmedia":[{"embeddable":true,"href":"https:\/\/homzmix.com\/en\/wp-json\/wp\/v2\/media\/39592"}],"wp:attachment":[{"href":"https:\/\/homzmix.com\/en\/wp-json\/wp\/v2\/media?parent=38758"}],"wp:term":[{"taxonomy":"product_brand","embeddable":true,"href":"https:\/\/homzmix.com\/en\/wp-json\/wp\/v2\/product_brand?post=38758"},{"taxonomy":"product_cat","embeddable":true,"href":"https:\/\/homzmix.com\/en\/wp-json\/wp\/v2\/product_cat?post=38758"},{"taxonomy":"product_tag","embeddable":true,"href":"https:\/\/homzmix.com\/en\/wp-json\/wp\/v2\/product_tag?post=38758"}],"curies":[{"name":"wp","href":"https:\/\/api.w.org\/{rel}","templated":true}]}}