{"id":38752,"date":"2025-10-28T06:58:24","date_gmt":"2025-10-28T06:58:24","guid":{"rendered":"https:\/\/homzmix.com\/?post_type=product&#038;p=38752"},"modified":"2025-12-23T00:10:47","modified_gmt":"2025-12-23T00:10:47","slug":"beech-wood-l-shaped-sofa-hammer-velvet-fabric-70x150x220x85-cm-blue-v005-fu2","status":"publish","type":"product","link":"https:\/\/homzmix.com\/en\/product\/beech-wood-l-shaped-sofa-hammer-velvet-fabric-70x150x220x85-cm-blue-v005-fu2\/","title":{"rendered":"Beech Wood L-Shaped Sofa, Hammer Velvet Fabric, 70\u00d7150\u00d7220\u00d785 Cm &#8211; Blue"},"content":{"rendered":"<ul>\n<li>A Stylish Corner Sofa That Adds A Modern Touch To Your Living Room.<\/li>\n<li>Made From Natural Beech Wood For Strength And Durability.<\/li>\n<li>Upholstered In Luxurious Hammer Velvet Fabric For Ultimate Comfort And Softness.<\/li>\n<li>Dimensions: 70 X 150 X 220 X 85 Cm \u2013 Ideal For Medium To Large Spaces.<\/li>\n<li>Comes In An Attractive Blue Color That Complements Various D\u00e9cor Styles.<\/li>\n<li>An Ideal Choice For Relaxing With Family And Guests.<\/li>\n<\/ul>\n","protected":false},"excerpt":{"rendered":"<ul>\n<li>Color: Blue<\/li>\n<li>Type: Corner Sofa<\/li>\n<li>Material: Beech Wood<\/li>\n<li>Dimensions: 70 X 150 X 220 X 85 Cm<\/li>\n<\/ul>\n","protected":false},"featured_media":39587,"template":"","meta":{"_acf_changed":false,"nf_dc_page":""},"product_brand":[],"product_cat":[35,95],"product_tag":[],"class_list":{"0":"post-38752","1":"product","2":"type-product","3":"status-publish","4":"has-post-thumbnail","6":"product_cat-furniture","7":"product_cat-sofas","9":"first","10":"instock","11":"sale","12":"shipping-taxable","13":"purchasable","14":"product-type-simple"},"acf":[],"jetpack_sharing_enabled":true,"_links":{"self":[{"href":"https:\/\/homzmix.com\/en\/wp-json\/wp\/v2\/product\/38752","targetHints":{"allow":["GET"]}}],"collection":[{"href":"https:\/\/homzmix.com\/en\/wp-json\/wp\/v2\/product"}],"about":[{"href":"https:\/\/homzmix.com\/en\/wp-json\/wp\/v2\/types\/product"}],"version-history":[{"count":5,"href":"https:\/\/homzmix.com\/en\/wp-json\/wp\/v2\/product\/38752\/revisions"}],"predecessor-version":[{"id":51743,"href":"https:\/\/homzmix.com\/en\/wp-json\/wp\/v2\/product\/38752\/revisions\/51743"}],"wp:featuredmedia":[{"embeddable":true,"href":"https:\/\/homzmix.com\/en\/wp-json\/wp\/v2\/media\/39587"}],"wp:attachment":[{"href":"https:\/\/homzmix.com\/en\/wp-json\/wp\/v2\/media?parent=38752"}],"wp:term":[{"taxonomy":"product_brand","embeddable":true,"href":"https:\/\/homzmix.com\/en\/wp-json\/wp\/v2\/product_brand?post=38752"},{"taxonomy":"product_cat","embeddable":true,"href":"https:\/\/homzmix.com\/en\/wp-json\/wp\/v2\/product_cat?post=38752"},{"taxonomy":"product_tag","embeddable":true,"href":"https:\/\/homzmix.com\/en\/wp-json\/wp\/v2\/product_tag?post=38752"}],"curies":[{"name":"wp","href":"https:\/\/api.w.org\/{rel}","templated":true}]}}